{"id":87,"date":"2025-03-18T12:29:45","date_gmt":"2025-03-18T12:29:45","guid":{"rendered":"https:\/\/elementor.test-wp.keepgo.com\/index.php\/privacy-policy-2\/"},"modified":"2025-04-30T07:08:01","modified_gmt":"2025-04-30T07:08:01","slug":"privacy-policy-2","status":"publish","type":"page","link":"https:\/\/travelesim.az\/tr\/privacy-policy-2\/","title":{"rendered":"Gizlilik Politikas\u0131"},"content":{"rendered":"<div data-elementor-type=\"wp-page\" data-elementor-id=\"87\" class=\"elementor elementor-87\" data-elementor-post-type=\"page\">\n\t\t\t\t<div class=\"elementor-element elementor-element-77a0037f e-flex e-con-boxed e-con e-parent\" data-id=\"77a0037f\" data-element_type=\"container\">\n\t\t\t\t\t<div class=\"e-con-inner\">\n\t\t\t\t<div class=\"elementor-element elementor-element-2991adfe elementor-widget elementor-widget-heading\" data-id=\"2991adfe\" data-element_type=\"widget\" data-widget_type=\"heading.default\">\n\t\t\t\t<div class=\"elementor-widget-container\">\n\t\t\t\t\t<h2 class=\"elementor-heading-title elementor-size-default\">Gizlilik Politikas\u0131\n<\/h2>\t\t\t\t<\/div>\n\t\t\t\t<\/div>\n\t\t\t\t<div class=\"elementor-element elementor-element-59249d87 elementor-widget elementor-widget-text-editor\" data-id=\"59249d87\" data-element_type=\"widget\" data-widget_type=\"text-editor.default\">\n\t\t\t\t<div class=\"elementor-widget-container\">\n\t\t\t\t\t\t\t\t\t<p>This Privacy Policy outlines how we collect, use, and protect the personal information provided by you when using our website.<\/p><p><b>1. Information We Collect <\/b>We may collect the following types of personal information from you:<\/p><ul><li><i>Personal Identification Information:<\/i> This may include your name and email address when you create an account or subscribe to our newsletter.<\/li><li style=\"font-weight: 400;\" aria-level=\"1\"><i>Payment Instrument Information:<\/i> All payment transactions are processed through a gateway provider and are not stored or processed on our<br \/>servers.<\/li><li style=\"font-weight: 400;\" aria-level=\"1\"><i>Sensitive Information:<\/i> We do not process sensitive information. <b><\/b><\/li><\/ul><p><b>2. When Do We Collect Your Information <\/b>We collect information from you when you register on our site, place an order, subscribe to a newsletter, fill out a form, or enter information on our site.<\/p><p><b>3. How Do We Use Your Information <\/b>We may use your personal information for the following purposes:<\/p><ul><li>To provide and maintain our services.<\/li><li style=\"font-weight: 400;\" aria-level=\"1\">To process your orders and payments.<\/li><li style=\"font-weight: 400;\" aria-level=\"1\">To send you updates, newsletters, and marketing communications.<\/li><\/ul><p>\u00a0<\/p><p><b>4. Disclosure of Your Information <\/b>We reserve the right to disclose your personal information to third parties under the following circumstances:<\/p><ul><li style=\"font-weight: 400;\" aria-level=\"1\">With service providers who assist us with website operation, payment processing, or marketing.<\/li><li style=\"font-weight: 400;\" aria-level=\"1\">In compliance with applicable legal obligations or for the purpose of protecting our rights, privacy, safety, or assets.<\/li><\/ul><p>\u00a0<\/p><p><b>5. European General Data Protection Regulation (GDPR) Compliance <\/b><\/p><ul><li>The right to access. You have the right to request Travel eSIM for copies of your personal data.<\/li><li>The right to erasure. You have the right to request that Travel eSIM erase your personal data, under certain conditions.<\/li><li>The right to restrict processing. You have the right to request that Travel eSIM restrict the processing of your personal data, under certain conditions.<\/li><li>The right to object to processing. You have the right to object to the Travel eSIM\u2019s processing of your personal data, under certain conditions.<\/li><li>If you would like to exercise any of these rights, please contact us via email.<\/li><\/ul><p>\u00a0<\/p><p><b>6. California Online Privacy Protection Act Compliance<\/b><\/p><p><b> <\/b> CalOPPA is the first state law in the nation to require commercial websites and online services to post a privacy policy. The law&#8217;s reach stretches well beyond California to require a person or company in the United States (and conceivably the world) that operates websites collecting personally identifiable information from California consumers to post a conspicuous privacy policy on its website stating exactly the information being collected and those individuals with whom it is being shared, and to comply with this policy. &#8211; See more at:<br \/><a href=\"http:\/\/consumercal.org\/california-online-privacy-protection-act-caloppa\/#sthash.0FdRbT51.dpuf\" target=\"_blank\" rel=\"noopener\">http:\/\/consumercal.org\/california-online-privacy-protection-act-caloppa\/#sthash.0FdRbT51.dpuf<\/a><br \/><i>According to CalOPPA we agree to the following:<\/i><\/p><ul><li>Kullan\u0131c\u0131lar sitemizi anonim olarak ziyaret edebilirler.<\/li><li>Users will be notified of any privacy policy changes on our Privacy Policy Page.<\/li><li>Users can change their personal information:<ul><li>by emailing us;<\/li><li>by chatting with our customer service representatives.<\/li><\/ul><\/li><\/ul><p><b>7. Your Choices <\/b><\/p><p>You can opt out of receiving marketing communications from us by following the unsubscribe instructions in our emails. You can access and update your personal information by logging into your account.<\/p><p><b>8. Veri G\u00fcvenli\u011fi <\/b><\/p><p>Travel eSIM takes reasonable measures to protect your personal information from unauthorized access, disclosure, or alteration. However, despite our safeguards and efforts to secure your information, no electronic transmission over the Internet or information storage technology can be guaranteed to be 100% secure, so we cannot promise or guarantee that hackers, cybercriminals, or other unauthorized third parties will not be able to defeat our security and improperly collect, access, steal, or modify your information. Although we strive to protect your personal information, transition or personal information to and from our Services is at your own risk.<\/p><p><b>9. \u00c7erezler ve \u0130zleme Teknolojileri <\/b><\/p><p>Web sitemizi kullan\u0131m\u0131n\u0131za ili\u015fkin verileri toplamak i\u00e7in \u00e7erezler ve benzeri izleme teknolojileri kullan\u0131yoruz. \u00c7erezleri reddetmek i\u00e7in taray\u0131c\u0131 ayarlar\u0131n\u0131z\u0131 d\u00fczenleyebilirsiniz.<\/p><p><b>10. Children&#8217;s Privacy <\/b><\/p><p>Web sitemiz 18 ya\u015f\u0131n alt\u0131ndaki bireylere y\u00f6nelik de\u011fildir. 18 ya\u015f\u0131n alt\u0131ndaki \u00e7ocuklardan bilerek ki\u015fisel bilgi toplam\u0131yoruz. Hizmetlerimizi kullanarak, en az 18 ya\u015f\u0131nda oldu\u011funuzu veya b\u00f6yle bir \u00e7ocu\u011fun veya k\u00fc\u00e7\u00fck \u00e7ocu\u011fun ebeveyni veya velisi oldu\u011funuzu beyan edersiniz.<br \/><b><\/b><\/p><p><b>11. Bu Gizlilik Politikas\u0131ndaki De\u011fi\u015fiklikler <\/b><\/p><p>Bu Gizlilik Politikas\u0131n\u0131 zaman zaman g\u00fcncelleyebiliriz. Herhangi bir de\u011fi\u015fiklik bu sayfada yay\u0131nlanacakt\u0131r. Bu gizlilik bildiriminde \u00f6nemli de\u011fi\u015fiklikler yaparsak, bu t\u00fcr de\u011fi\u015fikliklerin bildirimini belirgin bir \u015fekilde yay\u0131nlayarak veya do\u011frudan size bir bildirim g\u00f6ndererek sizi bilgilendirebiliriz. Bilgilerinizi nas\u0131l korudu\u011fumuz konusunda bilgi sahibi olmak i\u00e7in bu gizlilik politikas\u0131n\u0131 s\u0131k s\u0131k incelemenizi \u00f6neririz.<\/p><p><b>12. Bizimle \u0130leti\u015fime Ge\u00e7in <\/b><\/p><p>If you have any questions about this Privacy Policy, please contact us via email.<\/p><p>Last Modify: 22.09.2023<\/p>\t\t\t\t\t\t\t\t<\/div>\n\t\t\t\t<\/div>\n\t\t\t\t\t<\/div>\n\t\t\t\t<\/div>\n\t\t\t\t<\/div>","protected":false},"excerpt":{"rendered":"<p>Gizlilik Politikas\u0131 Bu Gizlilik Politikas\u0131, web sitemizi kullan\u0131rken sizin taraf\u0131n\u0131zdan sa\u011flanan ki\u015fisel bilgileri nas\u0131l toplad\u0131\u011f\u0131m\u0131z\u0131, kulland\u0131\u011f\u0131m\u0131z\u0131 ve korudu\u011fumuzu ana hatlar\u0131yla a\u00e7\u0131klamaktad\u0131r. 1. Toplad\u0131\u011f\u0131m\u0131z Bilgiler Sizden a\u015fa\u011f\u0131daki t\u00fcrde ki\u015fisel bilgileri toplayabiliriz: Ki\u015fisel Tan\u0131mlama Bilgileri: Bu, bir hesap olu\u015fturdu\u011funuzda veya abone oldu\u011funuzda ad\u0131n\u0131z\u0131 ve e-posta adresinizi i\u00e7erebilir [\u2026]<\/p>","protected":false},"author":1,"featured_media":0,"parent":0,"menu_order":0,"comment_status":"closed","ping_status":"closed","template":"","meta":{"om_disable_all_campaigns":false,"_monsterinsights_skip_tracking":false,"_monsterinsights_sitenote_active":false,"_monsterinsights_sitenote_note":"","_monsterinsights_sitenote_category":0,"footnotes":""},"class_list":["post-87","page","type-page","status-publish","hentry"],"aioseo_notices":[],"_links":{"self":[{"href":"https:\/\/travelesim.az\/tr\/wp-json\/wp\/v2\/pages\/87","targetHints":{"allow":["GET"]}}],"collection":[{"href":"https:\/\/travelesim.az\/tr\/wp-json\/wp\/v2\/pages"}],"about":[{"href":"https:\/\/travelesim.az\/tr\/wp-json\/wp\/v2\/types\/page"}],"author":[{"embeddable":true,"href":"https:\/\/travelesim.az\/tr\/wp-json\/wp\/v2\/users\/1"}],"replies":[{"embeddable":true,"href":"https:\/\/travelesim.az\/tr\/wp-json\/wp\/v2\/comments?post=87"}],"version-history":[{"count":10,"href":"https:\/\/travelesim.az\/tr\/wp-json\/wp\/v2\/pages\/87\/revisions"}],"predecessor-version":[{"id":377,"href":"https:\/\/travelesim.az\/tr\/wp-json\/wp\/v2\/pages\/87\/revisions\/377"}],"wp:attachment":[{"href":"https:\/\/travelesim.az\/tr\/wp-json\/wp\/v2\/media?parent=87"}],"curies":[{"name":"wp","href":"https:\/\/api.w.org\/{rel}","templated":true}]}}