{"id":478,"date":"2025-05-20T06:48:19","date_gmt":"2025-05-20T06:48:19","guid":{"rendered":"https:\/\/travelesim.az\/?page_id=478"},"modified":"2025-05-21T12:15:45","modified_gmt":"2025-05-21T12:15:45","slug":"become-an-affiliate","status":"publish","type":"page","link":"https:\/\/travelesim.az\/tr\/become-an-affiliate\/","title":{"rendered":"Ortak Olun"},"content":{"rendered":"<div data-elementor-type=\"wp-page\" data-elementor-id=\"478\" class=\"elementor elementor-478\" data-elementor-post-type=\"page\">\n\t\t\t\t<div class=\"elementor-element elementor-element-6cd4c668 e-flex e-con-boxed e-con e-parent\" data-id=\"6cd4c668\" data-element_type=\"container\" data-settings=\"{&quot;background_background&quot;:&quot;gradient&quot;}\">\n\t\t\t\t\t<div class=\"e-con-inner\">\n\t\t<div class=\"elementor-element elementor-element-125dbc6 e-flex e-con-boxed e-con e-child\" data-id=\"125dbc6\" data-element_type=\"container\">\n\t\t\t\t\t<div class=\"e-con-inner\">\n\t\t<div class=\"elementor-element elementor-element-60d87347 e-con-full e-flex e-con e-child\" data-id=\"60d87347\" data-element_type=\"container\">\n\t\t\t\t<div class=\"elementor-element elementor-element-2128fc17 elementor-widget elementor-widget-image\" data-id=\"2128fc17\" data-element_type=\"widget\" data-widget_type=\"image.default\">\n\t\t\t\t<div class=\"elementor-widget-container\">\n\t\t\t\t\t\t\t\t\t\t\t\t\t\t\t<img decoding=\"async\" width=\"140\" height=\"72\" src=\"https:\/\/travelesim.az\/wp-content\/uploads\/2025\/05\/avatars.png\" class=\"attachment-large size-large wp-image-467\" alt=\"\" srcset=\"https:\/\/travelesim.az\/wp-content\/uploads\/2025\/05\/avatars.png 140w, https:\/\/travelesim.az\/wp-content\/uploads\/2025\/05\/avatars-18x9.png 18w\" sizes=\"(max-width: 140px) 100vw, 140px\" \/>\t\t\t\t\t\t\t\t\t\t\t\t\t\t\t<\/div>\n\t\t\t\t<\/div>\n\t\t\t\t<div class=\"elementor-element elementor-element-7c3ae4ff elementor-widget elementor-widget-heading\" data-id=\"7c3ae4ff\" data-element_type=\"widget\" data-widget_type=\"heading.default\">\n\t\t\t\t<div class=\"elementor-widget-container\">\n\t\t\t\t\t<h2 class=\"elementor-heading-title elementor-size-default\">Refer &amp; Earn up to <b>Sat\u0131\u015f ba\u015f\u0131na 10%<\/b>!<\/h2>\t\t\t\t<\/div>\n\t\t\t\t<\/div>\n\t\t\t\t<\/div>\n\t\t\t\t<div class=\"elementor-element elementor-element-5a944934 elementor-widget__width-inherit elementor-widget elementor-widget-text-editor\" data-id=\"5a944934\" data-element_type=\"widget\" data-widget_type=\"text-editor.default\">\n\t\t\t\t<div class=\"elementor-widget-container\">\n\t\t\t\t\t\t\t\t\t<p>Ortakl\u0131k Program\u0131<\/p>\t\t\t\t\t\t\t\t<\/div>\n\t\t\t\t<\/div>\n\t\t\t\t<div class=\"elementor-element elementor-element-24d5165a elementor-align-center elementor-mobile-align-center elementor-widget__width-inherit elementor-widget elementor-widget-button\" data-id=\"24d5165a\" data-element_type=\"widget\" data-widget_type=\"button.default\">\n\t\t\t\t<div class=\"elementor-widget-container\">\n\t\t\t\t\t\t\t\t\t<div class=\"elementor-button-wrapper\">\n\t\t\t\t\t<a class=\"elementor-button elementor-button-link elementor-size-sm\" href=\"https:\/\/travelesim.goaffpro.com\/create-account\/sleek\">\n\t\t\t\t\t\t<span class=\"elementor-button-content-wrapper\">\n\t\t\t\t\t\t\t\t\t<span class=\"elementor-button-text\">Ortak Olun<\/span>\n\t\t\t\t\t<\/span>\n\t\t\t\t\t<\/a>\n\t\t\t\t<\/div>\n\t\t\t\t\t\t\t\t<\/div>\n\t\t\t\t<\/div>\n\t\t\t\t\t<\/div>\n\t\t\t\t<\/div>\n\t\t\t\t\t<\/div>\n\t\t\t\t<\/div>\n\t\t<div class=\"elementor-element elementor-element-5e101959 e-flex e-con-boxed e-con e-parent\" data-id=\"5e101959\" data-element_type=\"container\">\n\t\t\t\t\t<div class=\"e-con-inner\">\n\t\t<div class=\"elementor-element elementor-element-5be93938 e-con-full e-flex e-con e-child\" data-id=\"5be93938\" data-element_type=\"container\">\n\t\t\t\t<div class=\"elementor-element elementor-element-5fe74df9 elementor-widget elementor-widget-heading\" data-id=\"5fe74df9\" data-element_type=\"widget\" data-widget_type=\"heading.default\">\n\t\t\t\t<div class=\"elementor-widget-container\">\n\t\t\t\t\t<h2 class=\"elementor-heading-title elementor-size-default\">Seyahat eSIM Ortakl\u0131k Program\u0131na Neden Kat\u0131lmal\u0131s\u0131n\u0131z?<\/h2>\t\t\t\t<\/div>\n\t\t\t\t<\/div>\n\t\t\t\t<div class=\"elementor-element elementor-element-5aef25f9 elementor-widget__width-initial elementor-widget-tablet__width-inherit elementor-widget-mobile__width-inherit elementor-widget elementor-widget-text-editor\" data-id=\"5aef25f9\" data-element_type=\"widget\" data-widget_type=\"text-editor.default\">\n\t\t\t\t<div class=\"elementor-widget-container\">\n\t\t\t\t\t\t\t\t\t<p>Abonelerinize premium, \u00f6zelle\u015ftirilmi\u015f uluslararas\u0131 eSIM paketleri sunun ve her sat\u0131\u015ftan komisyon kazan\u0131n<\/p>\t\t\t\t\t\t\t\t<\/div>\n\t\t\t\t<\/div>\n\t\t\t\t<\/div>\n\t\t<div class=\"elementor-element elementor-element-19b4775a e-grid e-con-full e-con e-child\" data-id=\"19b4775a\" data-element_type=\"container\">\n\t\t<div class=\"elementor-element elementor-element-181f5d25 e-con-full e-flex e-con e-child\" data-id=\"181f5d25\" data-element_type=\"container\" data-settings=\"{&quot;background_background&quot;:&quot;classic&quot;}\">\n\t\t\t\t<div class=\"elementor-element elementor-element-7735c831 elementor-position-top elementor-widget elementor-widget-image-box\" data-id=\"7735c831\" data-element_type=\"widget\" data-widget_type=\"image-box.default\">\n\t\t\t\t<div class=\"elementor-widget-container\">\n\t\t\t\t\t<div class=\"elementor-image-box-wrapper\"><figure class=\"elementor-image-box-img\"><img decoding=\"async\" width=\"82\" height=\"80\" src=\"https:\/\/travelesim.az\/wp-content\/uploads\/2025\/05\/Multi-network.svg\" class=\"elementor-animation-shrink attachment-full size-full wp-image-487\" alt=\"\" \/><\/figure><div class=\"elementor-image-box-content\"><h3 class=\"elementor-image-box-title\">10%&#039;ye kadar komisyon kazan\u0131n<\/h3><p class=\"elementor-image-box-description\">Her sat\u0131\u015fta c\u00f6mert komisyonlar kazan\u0131n. Ayl\u0131k \u00f6deme al\u0131n.<\/p><\/div><\/div>\t\t\t\t<\/div>\n\t\t\t\t<\/div>\n\t\t\t\t<\/div>\n\t\t<div class=\"elementor-element elementor-element-06219e7 e-con-full e-flex e-con e-child\" data-id=\"06219e7\" data-element_type=\"container\" data-settings=\"{&quot;background_background&quot;:&quot;classic&quot;}\">\n\t\t\t\t<div class=\"elementor-element elementor-element-0a0f38d elementor-position-top elementor-widget elementor-widget-image-box\" data-id=\"0a0f38d\" data-element_type=\"widget\" data-widget_type=\"image-box.default\">\n\t\t\t\t<div class=\"elementor-widget-container\">\n\t\t\t\t\t<div class=\"elementor-image-box-wrapper\"><figure class=\"elementor-image-box-img\"><img decoding=\"async\" width=\"81\" height=\"80\" src=\"https:\/\/travelesim.az\/wp-content\/uploads\/2025\/05\/Multi-network-1.svg\" class=\"elementor-animation-shrink attachment-full size-full wp-image-488\" alt=\"\" \/><\/figure><div class=\"elementor-image-box-content\"><h3 class=\"elementor-image-box-title\">\u0130zleyicileriniz i\u00e7in \u00d6zel \u0130ndirim\u200b<\/h3><p class=\"elementor-image-box-description\">\u0130zleyicilerinize se\u00e7ili eSIM paketinde \u00f6zel bir kupon indirimi sunun<\/p><\/div><\/div>\t\t\t\t<\/div>\n\t\t\t\t<\/div>\n\t\t\t\t<\/div>\n\t\t<div class=\"elementor-element elementor-element-d853ae4 e-con-full e-flex e-con e-child\" data-id=\"d853ae4\" data-element_type=\"container\" data-settings=\"{&quot;background_background&quot;:&quot;classic&quot;}\">\n\t\t\t\t<div class=\"elementor-element elementor-element-24f5dbe elementor-position-top elementor-widget elementor-widget-image-box\" data-id=\"24f5dbe\" data-element_type=\"widget\" data-widget_type=\"image-box.default\">\n\t\t\t\t<div class=\"elementor-widget-container\">\n\t\t\t\t\t<div class=\"elementor-image-box-wrapper\"><figure class=\"elementor-image-box-img\"><img loading=\"lazy\" decoding=\"async\" width=\"82\" height=\"80\" src=\"https:\/\/travelesim.az\/wp-content\/uploads\/2025\/05\/Multi-network-2.svg\" class=\"elementor-animation-shrink attachment-full size-full wp-image-489\" alt=\"\" \/><\/figure><div class=\"elementor-image-box-content\"><h3 class=\"elementor-image-box-title\">Track &amp; Promote with Ease\u200b<\/h3><p class=\"elementor-image-box-description\">Ortakl\u0131k promosyonlar\u0131n\u0131z\u0131 g\u00fc\u00e7lendirmek i\u00e7in do\u011fru izleme ve tam destek ara\u00e7lar\u0131<\/p><\/div><\/div>\t\t\t\t<\/div>\n\t\t\t\t<\/div>\n\t\t\t\t<\/div>\n\t\t<div class=\"elementor-element elementor-element-a9ecd2d e-con-full e-flex e-con e-child\" data-id=\"a9ecd2d\" data-element_type=\"container\" data-settings=\"{&quot;background_background&quot;:&quot;classic&quot;}\">\n\t\t\t\t<div class=\"elementor-element elementor-element-d007970 elementor-position-top elementor-widget elementor-widget-image-box\" data-id=\"d007970\" data-element_type=\"widget\" data-widget_type=\"image-box.default\">\n\t\t\t\t<div class=\"elementor-widget-container\">\n\t\t\t\t\t<div class=\"elementor-image-box-wrapper\"><figure class=\"elementor-image-box-img\"><img loading=\"lazy\" decoding=\"async\" width=\"81\" height=\"80\" src=\"https:\/\/travelesim.az\/wp-content\/uploads\/2025\/05\/Multi-network-3.svg\" class=\"elementor-animation-shrink attachment-full size-full wp-image-490\" alt=\"\" \/><\/figure><div class=\"elementor-image-box-content\"><h3 class=\"elementor-image-box-title\">\u00d6zel Ortakl\u0131k Y\u00f6neticiniz\u200b<\/h3><p class=\"elementor-image-box-description\">Her zaman hizmetinizde olan \u00f6zel Ortakl\u0131k Y\u00f6neticisi\u200b<\/p><\/div><\/div>\t\t\t\t<\/div>\n\t\t\t\t<\/div>\n\t\t\t\t<\/div>\n\t\t\t\t<\/div>\n\t\t\t\t\t<\/div>\n\t\t\t\t<\/div>\n\t\t<div class=\"elementor-element elementor-element-3b2b446 e-flex e-con-boxed e-con e-parent\" data-id=\"3b2b446\" data-element_type=\"container\" data-settings=\"{&quot;background_background&quot;:&quot;classic&quot;}\">\n\t\t\t\t\t<div class=\"e-con-inner\">\n\t\t<div class=\"elementor-element elementor-element-1f727d33 e-con-full e-flex e-con e-child\" data-id=\"1f727d33\" data-element_type=\"container\">\n\t\t\t\t<div class=\"elementor-element elementor-element-44053961 elementor-widget elementor-widget-text-editor\" data-id=\"44053961\" data-element_type=\"widget\" data-widget_type=\"text-editor.default\">\n\t\t\t\t<div class=\"elementor-widget-container\">\n\t\t\t\t\t\t\t\t\t<p><span style=\"color: #000000;\">Komisyon ve \u0130\u015f detaylar\u0131<\/span><\/p>\t\t\t\t\t\t\t\t<\/div>\n\t\t\t\t<\/div>\n\t\t\t\t<div class=\"elementor-element elementor-element-63e52be9 elementor-widget__width-inherit elementor-widget elementor-widget-text-editor\" data-id=\"63e52be9\" data-element_type=\"widget\" data-widget_type=\"text-editor.default\">\n\t\t\t\t<div class=\"elementor-widget-container\">\n\t\t\t\t\t\t\t\t\t<p>Abonelerinize premium eSIM paketleri sunun (ister tek bir \u00fclke, ister bir b\u00f6lge, isterse k\u00fcresel kullan\u0131m i\u00e7in olsun) ve her sat\u0131\u015ftan komisyon kazan\u0131n.<\/p>\t\t\t\t\t\t\t\t<\/div>\n\t\t\t\t<\/div>\n\t\t<div class=\"elementor-element elementor-element-26a20f63 e-con-full e-flex e-con e-child\" data-id=\"26a20f63\" data-element_type=\"container\">\n\t\t\t\t<div class=\"elementor-element elementor-element-601007 elementor-widget__width-inherit elementor-widget elementor-widget-text-editor\" data-id=\"601007\" data-element_type=\"widget\" data-widget_type=\"text-editor.default\">\n\t\t\t\t<div class=\"elementor-widget-container\">\n\t\t\t\t\t\t\t\t\t<strong><span style=\"color: #2BCDB5;\">D\u00f6n\u00fc\u015ft\u00fcrme eylemi:<\/span><\/strong>\n\nGe\u00e7erli \u00f6deme i\u015flemi yap\u0131lm\u0131\u015f online sat\u0131n alma.\t\t\t\t\t\t\t\t<\/div>\n\t\t\t\t<\/div>\n\t\t\t\t<div class=\"elementor-element elementor-element-e2d41d2 elementor-widget__width-inherit elementor-widget elementor-widget-text-editor\" data-id=\"e2d41d2\" data-element_type=\"widget\" data-widget_type=\"text-editor.default\">\n\t\t\t\t<div class=\"elementor-widget-container\">\n\t\t\t\t\t\t\t\t\t<p><strong><span style=\"color: #2bcdb5;\">\u00c7erez g\u00fcnleri:<\/span><\/strong><\/p><p>30 g\u00fcn<\/p>\t\t\t\t\t\t\t\t<\/div>\n\t\t\t\t<\/div>\n\t\t\t\t<div class=\"elementor-element elementor-element-2f24aa6 elementor-widget__width-inherit elementor-widget elementor-widget-text-editor\" data-id=\"2f24aa6\" data-element_type=\"widget\" data-widget_type=\"text-editor.default\">\n\t\t\t\t<div class=\"elementor-widget-container\">\n\t\t\t\t\t\t\t\t\t<p><strong><span style=\"color: #2bcdb5;\">Komisyon t\u00fcr\u00fc:<\/span><\/strong><\/p><p>Her sat\u0131\u015f ve dolumda komisyon kazan\u0131n<\/p>\t\t\t\t\t\t\t\t<\/div>\n\t\t\t\t<\/div>\n\t\t\t\t<div class=\"elementor-element elementor-element-ab9c74e elementor-widget__width-inherit elementor-widget elementor-widget-text-editor\" data-id=\"ab9c74e\" data-element_type=\"widget\" data-widget_type=\"text-editor.default\">\n\t\t\t\t<div class=\"elementor-widget-container\">\n\t\t\t\t\t\t\t\t\t<p><strong><span style=\"color: #2bcdb5;\">\u00d6deme:<\/span><\/strong><\/p><p>PayPal arac\u0131l\u0131\u011f\u0131yla, ayl\u0131k<\/p>\t\t\t\t\t\t\t\t<\/div>\n\t\t\t\t<\/div>\n\t\t\t\t<\/div>\n\t\t\t\t<div class=\"elementor-element elementor-element-5f231cc elementor-widget__width-inherit elementor-widget elementor-widget-text-editor\" data-id=\"5f231cc\" data-element_type=\"widget\" data-widget_type=\"text-editor.default\">\n\t\t\t\t<div class=\"elementor-widget-container\">\n\t\t\t\t\t\t\t\t\t<p><strong>\u00d6nemli:<\/strong> Ortakl\u0131k program\u0131 ba\u011flant\u0131lar\u0131 kamuya a\u00e7\u0131k indirim sitelerine veya kupon a\u011flar\u0131na da\u011f\u0131t\u0131lmamal\u0131d\u0131r.<\/p>\t\t\t\t\t\t\t\t<\/div>\n\t\t\t\t<\/div>\n\t\t\t\t<\/div>\n\t\t<div class=\"elementor-element elementor-element-d333827 e-con-full e-flex e-con e-child\" data-id=\"d333827\" data-element_type=\"container\">\n\t\t\t\t<div class=\"elementor-element elementor-element-4c11e1ea elementor-widget elementor-widget-image\" data-id=\"4c11e1ea\" data-element_type=\"widget\" data-widget_type=\"image.default\">\n\t\t\t\t<div class=\"elementor-widget-container\">\n\t\t\t\t\t\t\t\t\t\t\t\t\t\t\t<img loading=\"lazy\" decoding=\"async\" width=\"800\" height=\"553\" src=\"https:\/\/travelesim.az\/wp-content\/uploads\/2025\/05\/about-3-1024x708.jpg\" class=\"elementor-animation-shrink attachment-large size-large wp-image-472\" alt=\"\" srcset=\"https:\/\/travelesim.az\/wp-content\/uploads\/2025\/05\/about-3-1024x708.jpg 1024w, https:\/\/travelesim.az\/wp-content\/uploads\/2025\/05\/about-3-300x207.jpg 300w, https:\/\/travelesim.az\/wp-content\/uploads\/2025\/05\/about-3-768x531.jpg 768w, https:\/\/travelesim.az\/wp-content\/uploads\/2025\/05\/about-3-18x12.jpg 18w, https:\/\/travelesim.az\/wp-content\/uploads\/2025\/05\/about-3.jpg 1112w\" sizes=\"(max-width: 800px) 100vw, 800px\" \/>\t\t\t\t\t\t\t\t\t\t\t\t\t\t\t<\/div>\n\t\t\t\t<\/div>\n\t\t\t\t<\/div>\n\t\t\t\t\t<\/div>\n\t\t\t\t<\/div>\n\t\t<div class=\"elementor-element elementor-element-24140dae e-flex e-con-boxed e-con e-parent\" data-id=\"24140dae\" data-element_type=\"container\">\n\t\t\t\t\t<div class=\"e-con-inner\">\n\t\t<div class=\"elementor-element elementor-element-3c79c0e5 e-con-full e-flex e-con e-child\" data-id=\"3c79c0e5\" data-element_type=\"container\">\n\t\t\t\t<div class=\"elementor-element elementor-element-1ecbcb35 elementor-widget elementor-widget-heading\" data-id=\"1ecbcb35\" data-element_type=\"widget\" data-widget_type=\"heading.default\">\n\t\t\t\t<div class=\"elementor-widget-container\">\n\t\t\t\t\t<h2 class=\"elementor-heading-title elementor-size-default\">Nas\u0131l \u00c7al\u0131\u015f\u0131r?<\/h2>\t\t\t\t<\/div>\n\t\t\t\t<\/div>\n\t\t\t\t<div class=\"elementor-element elementor-element-30e3af47 elementor-widget__width-initial elementor-widget-tablet__width-initial elementor-widget-mobile__width-inherit elementor-widget elementor-widget-text-editor\" data-id=\"30e3af47\" data-element_type=\"widget\" data-widget_type=\"text-editor.default\">\n\t\t\t\t<div class=\"elementor-widget-container\">\n\t\t\t\t\t\t\t\t\t<p>Sadece birka\u00e7 basit ad\u0131mda Travel eSIM ile kazanmaya ba\u015flay\u0131n<\/p>\t\t\t\t\t\t\t\t<\/div>\n\t\t\t\t<\/div>\n\t\t\t\t<\/div>\n\t\t<div class=\"elementor-element elementor-element-51179002 e-con-full e-flex e-con e-child\" data-id=\"51179002\" data-element_type=\"container\">\n\t\t<div class=\"elementor-element elementor-element-2f79b927 e-con-full e-flex e-con e-child\" data-id=\"2f79b927\" data-element_type=\"container\" data-settings=\"{&quot;background_background&quot;:&quot;classic&quot;}\">\n\t\t\t\t<div class=\"elementor-element elementor-element-51d3e38b elementor-position-top elementor-widget elementor-widget-image-box\" data-id=\"51d3e38b\" data-element_type=\"widget\" data-widget_type=\"image-box.default\">\n\t\t\t\t<div class=\"elementor-widget-container\">\n\t\t\t\t\t<div class=\"elementor-image-box-wrapper\"><figure class=\"elementor-image-box-img\"><img loading=\"lazy\" decoding=\"async\" width=\"60\" height=\"60\" src=\"https:\/\/travelesim.az\/wp-content\/uploads\/2025\/03\/Frame-1033.svg\" class=\"elementor-animation-grow attachment-full size-full wp-image-298\" alt=\"\" \/><\/figure><div class=\"elementor-image-box-content\"><h3 class=\"elementor-image-box-title\">Benzersiz ortakl\u0131k ba\u011flant\u0131n\u0131z\u0131 almak i\u00e7in kaydolun<\/h3><p class=\"elementor-image-box-description\">\n<\/p><\/div><\/div>\t\t\t\t<\/div>\n\t\t\t\t<\/div>\n\t\t\t\t<\/div>\n\t\t<div class=\"elementor-element elementor-element-6ff02a0 e-con-full e-flex e-con e-child\" data-id=\"6ff02a0\" data-element_type=\"container\" data-settings=\"{&quot;background_background&quot;:&quot;classic&quot;}\">\n\t\t\t\t<div class=\"elementor-element elementor-element-818bbc9 elementor-position-top elementor-widget elementor-widget-image-box\" data-id=\"818bbc9\" data-element_type=\"widget\" data-widget_type=\"image-box.default\">\n\t\t\t\t<div class=\"elementor-widget-container\">\n\t\t\t\t\t<div class=\"elementor-image-box-wrapper\"><figure class=\"elementor-image-box-img\"><img loading=\"lazy\" decoding=\"async\" width=\"60\" height=\"60\" src=\"https:\/\/travelesim.az\/wp-content\/uploads\/2025\/03\/Frame-1033-1.svg\" class=\"elementor-animation-grow attachment-full size-full wp-image-299\" alt=\"\" \/><\/figure><div class=\"elementor-image-box-content\"><h3 class=\"elementor-image-box-title\">Seyahat eSIM \u00fcr\u00fcnlerini web sitenizde, sosyal medyada, b\u00fclteninizde ve daha fazlas\u0131nda tan\u0131t\u0131n<\/h3><p class=\"elementor-image-box-description\">\n<\/p><\/div><\/div>\t\t\t\t<\/div>\n\t\t\t\t<\/div>\n\t\t\t\t<\/div>\n\t\t<div class=\"elementor-element elementor-element-21cfe4c e-con-full e-flex e-con e-child\" data-id=\"21cfe4c\" data-element_type=\"container\" data-settings=\"{&quot;background_background&quot;:&quot;classic&quot;}\">\n\t\t\t\t<div class=\"elementor-element elementor-element-8aeab32 elementor-position-top elementor-widget elementor-widget-image-box\" data-id=\"8aeab32\" data-element_type=\"widget\" data-widget_type=\"image-box.default\">\n\t\t\t\t<div class=\"elementor-widget-container\">\n\t\t\t\t\t<div class=\"elementor-image-box-wrapper\"><figure class=\"elementor-image-box-img\"><img loading=\"lazy\" decoding=\"async\" width=\"60\" height=\"60\" src=\"https:\/\/travelesim.az\/wp-content\/uploads\/2025\/03\/Frame-1033-2.svg\" class=\"elementor-animation-grow attachment-full size-full wp-image-300\" alt=\"\" \/><\/figure><div class=\"elementor-image-box-content\"><h3 class=\"elementor-image-box-title\">Ortakl\u0131k ba\u011flant\u0131n\u0131z arac\u0131l\u0131\u011f\u0131yla yap\u0131lan her sat\u0131\u015f i\u00e7in komisyon kazan\u0131n<\/h3><p class=\"elementor-image-box-description\">\n<\/p><\/div><\/div>\t\t\t\t<\/div>\n\t\t\t\t<\/div>\n\t\t\t\t<\/div>\n\t\t\t\t<\/div>\n\t\t\t\t\t<\/div>\n\t\t\t\t<\/div>\n\t\t<div class=\"elementor-element elementor-element-64f08801 e-flex e-con-boxed e-con e-parent\" data-id=\"64f08801\" data-element_type=\"container\" data-settings=\"{&quot;background_background&quot;:&quot;gradient&quot;}\">\n\t\t\t\t\t<div class=\"e-con-inner\">\n\t\t<div class=\"elementor-element elementor-element-2bc2bd0c e-flex e-con-boxed e-con e-child\" data-id=\"2bc2bd0c\" data-element_type=\"container\" data-settings=\"{&quot;background_background&quot;:&quot;classic&quot;}\">\n\t\t\t\t\t<div class=\"e-con-inner\">\n\t\t\t\t<div class=\"elementor-element elementor-element-568d7f32 elementor-widget__width-inherit elementor-widget elementor-widget-text-editor\" data-id=\"568d7f32\" data-element_type=\"widget\" data-widget_type=\"text-editor.default\">\n\t\t\t\t<div class=\"elementor-widget-container\">\n\t\t\t\t\t\t\t\t\t<p>Ortakl\u0131k Program\u0131 Ba\u015fvurusu<\/p>\t\t\t\t\t\t\t\t<\/div>\n\t\t\t\t<\/div>\n\t\t\t\t<div class=\"elementor-element elementor-element-64a0327c elementor-align-center elementor-mobile-align-center elementor-widget__width-inherit elementor-widget elementor-widget-button\" data-id=\"64a0327c\" data-element_type=\"widget\" data-widget_type=\"button.default\">\n\t\t\t\t<div class=\"elementor-widget-container\">\n\t\t\t\t\t\t\t\t\t<div class=\"elementor-button-wrapper\">\n\t\t\t\t\t<a class=\"elementor-button elementor-button-link elementor-size-sm\" href=\"https:\/\/travelesim.goaffpro.com\/create-account\/sleek\">\n\t\t\t\t\t\t<span class=\"elementor-button-content-wrapper\">\n\t\t\t\t\t\t\t\t\t<span class=\"elementor-button-text\">Ortak Olun<\/span>\n\t\t\t\t\t<\/span>\n\t\t\t\t\t<\/a>\n\t\t\t\t<\/div>\n\t\t\t\t\t\t\t\t<\/div>\n\t\t\t\t<\/div>\n\t\t\t\t\t<\/div>\n\t\t\t\t<\/div>\n\t\t\t\t\t<\/div>\n\t\t\t\t<\/div>\n\t\t\t\t<\/div>","protected":false},"excerpt":{"rendered":"<p>Refer &#038; Earn up to 10% per sale! Affiliate Program Become a Partner Why Join the Travel eSIM Affiliate Program? Offer your subscribers premium, customized international eSIM bundles and earn a commission on every sale Earn up to 10% commission Earn generous commissions on every sale. Get paid monthly. Exclusive Discount for Your Audience\u200b Give [&hellip;]<\/p>","protected":false},"author":1,"featured_media":0,"parent":0,"menu_order":0,"comment_status":"closed","ping_status":"closed","template":"","meta":{"om_disable_all_campaigns":false,"_monsterinsights_skip_tracking":false,"_monsterinsights_sitenote_active":false,"_monsterinsights_sitenote_note":"","_monsterinsights_sitenote_category":0,"footnotes":""},"class_list":["post-478","page","type-page","status-publish","hentry"],"aioseo_notices":[],"_links":{"self":[{"href":"https:\/\/travelesim.az\/tr\/wp-json\/wp\/v2\/pages\/478","targetHints":{"allow":["GET"]}}],"collection":[{"href":"https:\/\/travelesim.az\/tr\/wp-json\/wp\/v2\/pages"}],"about":[{"href":"https:\/\/travelesim.az\/tr\/wp-json\/wp\/v2\/types\/page"}],"author":[{"embeddable":true,"href":"https:\/\/travelesim.az\/tr\/wp-json\/wp\/v2\/users\/1"}],"replies":[{"embeddable":true,"href":"https:\/\/travelesim.az\/tr\/wp-json\/wp\/v2\/comments?post=478"}],"version-history":[{"count":28,"href":"https:\/\/travelesim.az\/tr\/wp-json\/wp\/v2\/pages\/478\/revisions"}],"predecessor-version":[{"id":517,"href":"https:\/\/travelesim.az\/tr\/wp-json\/wp\/v2\/pages\/478\/revisions\/517"}],"wp:attachment":[{"href":"https:\/\/travelesim.az\/tr\/wp-json\/wp\/v2\/media?parent=478"}],"curies":[{"name":"wp","href":"https:\/\/api.w.org\/{rel}","templated":true}]}}