{"id":87,"date":"2025-03-18T12:29:45","date_gmt":"2025-03-18T12:29:45","guid":{"rendered":"https:\/\/elementor.test-wp.keepgo.com\/index.php\/privacy-policy-2\/"},"modified":"2025-04-30T07:08:01","modified_gmt":"2025-04-30T07:08:01","slug":"privacy-policy-2","status":"publish","type":"page","link":"https:\/\/travelesim.az\/az\/privacy-policy-2\/","title":{"rendered":"M\u0259xfilik Siyas\u0259ti"},"content":{"rendered":"<div data-elementor-type=\"wp-page\" data-elementor-id=\"87\" class=\"elementor elementor-87\" data-elementor-post-type=\"page\">\n\t\t\t\t<div class=\"elementor-element elementor-element-77a0037f e-flex e-con-boxed e-con e-parent\" data-id=\"77a0037f\" data-element_type=\"container\">\n\t\t\t\t\t<div class=\"e-con-inner\">\n\t\t\t\t<div class=\"elementor-element elementor-element-2991adfe elementor-widget elementor-widget-heading\" data-id=\"2991adfe\" data-element_type=\"widget\" data-widget_type=\"heading.default\">\n\t\t\t\t<div class=\"elementor-widget-container\">\n\t\t\t\t\t<h2 class=\"elementor-heading-title elementor-size-default\">M\u0259xfilik Siyas\u0259ti\n<\/h2>\t\t\t\t<\/div>\n\t\t\t\t<\/div>\n\t\t\t\t<div class=\"elementor-element elementor-element-59249d87 elementor-widget elementor-widget-text-editor\" data-id=\"59249d87\" data-element_type=\"widget\" data-widget_type=\"text-editor.default\">\n\t\t\t\t<div class=\"elementor-widget-container\">\n\t\t\t\t\t\t\t\t\t<p>This Privacy Policy outlines how we collect, use, and protect the personal information provided by you when using our website.<\/p><p><b>1. Information We Collect <\/b>We may collect the following types of personal information from you:<\/p><ul><li><i>Personal Identification Information:<\/i> This may include your name and email address when you create an account or subscribe to our newsletter.<\/li><li style=\"font-weight: 400;\" aria-level=\"1\"><i>Payment Instrument Information:<\/i> All payment transactions are processed through a gateway provider and are not stored or processed on our<br \/>servers.<\/li><li style=\"font-weight: 400;\" aria-level=\"1\"><i>Sensitive Information:<\/i> We do not process sensitive information. <b><\/b><\/li><\/ul><p><b>2. When Do We Collect Your Information <\/b>We collect information from you when you register on our site, place an order, subscribe to a newsletter, fill out a form, or enter information on our site.<\/p><p><b>3. How Do We Use Your Information <\/b>We may use your personal information for the following purposes:<\/p><ul><li>To provide and maintain our services.<\/li><li style=\"font-weight: 400;\" aria-level=\"1\">To process your orders and payments.<\/li><li style=\"font-weight: 400;\" aria-level=\"1\">To send you updates, newsletters, and marketing communications.<\/li><\/ul><p>\u00a0<\/p><p><b>4. Disclosure of Your Information <\/b>We reserve the right to disclose your personal information to third parties under the following circumstances:<\/p><ul><li style=\"font-weight: 400;\" aria-level=\"1\">With service providers who assist us with website operation, payment processing, or marketing.<\/li><li style=\"font-weight: 400;\" aria-level=\"1\">In compliance with applicable legal obligations or for the purpose of protecting our rights, privacy, safety, or assets.<\/li><\/ul><p>\u00a0<\/p><p><b>5. European General Data Protection Regulation (GDPR) Compliance <\/b><\/p><ul><li>The right to access. You have the right to request Travel eSIM for copies of your personal data.<\/li><li>The right to erasure. You have the right to request that Travel eSIM erase your personal data, under certain conditions.<\/li><li>The right to restrict processing. You have the right to request that Travel eSIM restrict the processing of your personal data, under certain conditions.<\/li><li>The right to object to processing. You have the right to object to the Travel eSIM\u2019s processing of your personal data, under certain conditions.<\/li><li>If you would like to exercise any of these rights, please contact us via email.<\/li><\/ul><p>\u00a0<\/p><p><b>6. California Online Privacy Protection Act Compliance<\/b><\/p><p><b> <\/b> CalOPPA is the first state law in the nation to require commercial websites and online services to post a privacy policy. The law&#8217;s reach stretches well beyond California to require a person or company in the United States (and conceivably the world) that operates websites collecting personally identifiable information from California consumers to post a conspicuous privacy policy on its website stating exactly the information being collected and those individuals with whom it is being shared, and to comply with this policy. &#8211; See more at:<br \/><a href=\"http:\/\/consumercal.org\/california-online-privacy-protection-act-caloppa\/#sthash.0FdRbT51.dpuf\" target=\"_blank\" rel=\"noopener\">http:\/\/consumercal.org\/california-online-privacy-protection-act-caloppa\/#sthash.0FdRbT51.dpuf<\/a><br \/><i>According to CalOPPA we agree to the following:<\/i><\/p><ul><li>\u0130stifad\u0259\u00e7il\u0259r anonim olaraq sayt\u0131m\u0131za daxil ola bil\u0259rl\u0259r.<\/li><li>Users will be notified of any privacy policy changes on our Privacy Policy Page.<\/li><li>Users can change their personal information:<ul><li>by emailing us;<\/li><li>by chatting with our customer service representatives.<\/li><\/ul><\/li><\/ul><p><b>7. Your Choices <\/b><\/p><p>You can opt out of receiving marketing communications from us by following the unsubscribe instructions in our emails. You can access and update your personal information by logging into your account.<\/p><p><b>8. M\u0259lumat T\u0259hl\u00fck\u0259sizliyi <\/b><\/p><p>Travel eSIM takes reasonable measures to protect your personal information from unauthorized access, disclosure, or alteration. However, despite our safeguards and efforts to secure your information, no electronic transmission over the Internet or information storage technology can be guaranteed to be 100% secure, so we cannot promise or guarantee that hackers, cybercriminals, or other unauthorized third parties will not be able to defeat our security and improperly collect, access, steal, or modify your information. Although we strive to protect your personal information, transition or personal information to and from our Services is at your own risk.<\/p><p><b>9. Kukil\u0259r v\u0259 \u0130zl\u0259m\u0259 Texnologiyalar\u0131 <\/b><\/p><p>Veb sayt\u0131m\u0131zdan istifad\u0259niz haqq\u0131nda m\u0259lumat toplamaq \u00fc\u00e7\u00fcn kukil\u0259rd\u0259n v\u0259 ox\u015far izl\u0259m\u0259 texnologiyalar\u0131ndan istifad\u0259 edirik. Siz kukil\u0259rd\u0259n imtina etm\u0259k \u00fc\u00e7\u00fcn brauzerinizin parametrl\u0259rini d\u00fcz\u0259ld\u0259 bil\u0259rsiniz.<\/p><p><b>10. Children&#8217;s Privacy <\/b><\/p><p>Veb sayt\u0131m\u0131z 18 ya\u015f\u0131ndan ki\u00e7ik \u015f\u0259xsl\u0259r \u00fc\u00e7\u00fcn n\u0259z\u0259rd\u0259 tutulmay\u0131b. Biz 18 ya\u015f\u0131na \u00e7atmam\u0131\u015f u\u015faqlardan bil\u0259r\u0259kd\u0259n \u015f\u0259xsi m\u0259lumat toplam\u0131r\u0131q. Xidm\u0259tl\u0259rimizd\u0259n istifad\u0259 etm\u0259kl\u0259 siz \u0259n az\u0131 18 ya\u015f\u0131nda oldu\u011funuzu v\u0259 ya bel\u0259 bir u\u015fa\u011f\u0131n v\u0259 ya yetkinlik ya\u015f\u0131na \u00e7atmayan\u0131n valideyni v\u0259 ya q\u0259yyumu oldu\u011funuzu bildirirsiniz.<br \/><b><\/b><\/p><p><b>11. Bu M\u0259xfilik Siyas\u0259tin\u0259 D\u0259yi\u015fiklikl\u0259r <\/b><\/p><p>Biz bu M\u0259xfilik Siyas\u0259tini vaxta\u015f\u0131r\u0131 yenil\u0259y\u0259 bil\u0259rik. \u0130st\u0259nil\u0259n d\u0259yi\u015fiklik bu s\u0259hif\u0259d\u0259 d\u0259rc olunacaq. Bu m\u0259xfilik bildiri\u015fin\u0259 \u0259h\u0259miyy\u0259tli d\u0259yi\u015fiklikl\u0259r ets\u0259k, ya bu c\u00fcr d\u0259yi\u015fiklikl\u0259r haqq\u0131nda bildiri\u015f yerl\u0259\u015fdirm\u0259kl\u0259, ya da siz\u0259 birba\u015fa bildiri\u015f g\u00f6nd\u0259rm\u0259kl\u0259 sizi x\u0259b\u0259rdar ed\u0259 bil\u0259rik. M\u0259lumatlar\u0131n\u0131z\u0131 nec\u0259 qorudu\u011fumuz bar\u0259d\u0259 m\u0259lumat almaq \u00fc\u00e7\u00fcn sizi bu m\u0259xfilik siyas\u0259tini tez-tez n\u0259z\u0259rd\u0259n ke\u00e7irm\u0259yi t\u00f6vsiy\u0259 edirik.<\/p><p><b>12. Biziml\u0259 \u0259laq\u0259 saxlay\u0131n <\/b><\/p><p>If you have any questions about this Privacy Policy, please contact us via email.<\/p><p>Last Modify: 22.09.2023<\/p>\t\t\t\t\t\t\t\t<\/div>\n\t\t\t\t<\/div>\n\t\t\t\t\t<\/div>\n\t\t\t\t<\/div>\n\t\t\t\t<\/div>","protected":false},"excerpt":{"rendered":"<p>M\u0259xfilik Siyas\u0259ti Bu M\u0259xfilik Siyas\u0259ti vebsayt\u0131m\u0131zdan istifad\u0259 ed\u0259rk\u0259n t\u0259qdim etdiyiniz \u015f\u0259xsi m\u0259lumatlar\u0131 nec\u0259 toplayaca\u011f\u0131m\u0131z\u0131, istifad\u0259 etdiyimizi v\u0259 qorudu\u011fumuzu t\u0259svir edir. 1. Toplad\u0131\u011f\u0131m\u0131z m\u0259lumat Biz sizd\u0259n a\u015fa\u011f\u0131dak\u0131 \u015f\u0259xsi m\u0259lumat n\u00f6vl\u0259rini toplaya bil\u0259rik: \u015e\u0259xsi \u0130dentifikasiya M\u0259lumat\u0131: Siz hesab yaratd\u0131\u011f\u0131n\u0131z zaman v\u0259 ya abun\u0259 oldu\u011funuz zaman bura ad\u0131n\u0131z v\u0259 e-po\u00e7t \u00fcnvan\u0131n\u0131z daxil ola bil\u0259r [\u2026]<\/p>","protected":false},"author":1,"featured_media":0,"parent":0,"menu_order":0,"comment_status":"closed","ping_status":"closed","template":"","meta":{"om_disable_all_campaigns":false,"_monsterinsights_skip_tracking":false,"_monsterinsights_sitenote_active":false,"_monsterinsights_sitenote_note":"","_monsterinsights_sitenote_category":0,"footnotes":""},"class_list":["post-87","page","type-page","status-publish","hentry"],"aioseo_notices":[],"_links":{"self":[{"href":"https:\/\/travelesim.az\/az\/wp-json\/wp\/v2\/pages\/87","targetHints":{"allow":["GET"]}}],"collection":[{"href":"https:\/\/travelesim.az\/az\/wp-json\/wp\/v2\/pages"}],"about":[{"href":"https:\/\/travelesim.az\/az\/wp-json\/wp\/v2\/types\/page"}],"author":[{"embeddable":true,"href":"https:\/\/travelesim.az\/az\/wp-json\/wp\/v2\/users\/1"}],"replies":[{"embeddable":true,"href":"https:\/\/travelesim.az\/az\/wp-json\/wp\/v2\/comments?post=87"}],"version-history":[{"count":10,"href":"https:\/\/travelesim.az\/az\/wp-json\/wp\/v2\/pages\/87\/revisions"}],"predecessor-version":[{"id":377,"href":"https:\/\/travelesim.az\/az\/wp-json\/wp\/v2\/pages\/87\/revisions\/377"}],"wp:attachment":[{"href":"https:\/\/travelesim.az\/az\/wp-json\/wp\/v2\/media?parent=87"}],"curies":[{"name":"wp","href":"https:\/\/api.w.org\/{rel}","templated":true}]}}