{"id":478,"date":"2025-05-20T06:48:19","date_gmt":"2025-05-20T06:48:19","guid":{"rendered":"https:\/\/travelesim.az\/?page_id=478"},"modified":"2025-05-21T12:15:45","modified_gmt":"2025-05-21T12:15:45","slug":"become-an-affiliate","status":"publish","type":"page","link":"https:\/\/travelesim.az\/az\/become-an-affiliate\/","title":{"rendered":"Affiliate olun"},"content":{"rendered":"<div data-elementor-type=\"wp-page\" data-elementor-id=\"478\" class=\"elementor elementor-478\" data-elementor-post-type=\"page\">\n\t\t\t\t<div class=\"elementor-element elementor-element-6cd4c668 e-flex e-con-boxed e-con e-parent\" data-id=\"6cd4c668\" data-element_type=\"container\" data-settings=\"{&quot;background_background&quot;:&quot;gradient&quot;}\">\n\t\t\t\t\t<div class=\"e-con-inner\">\n\t\t<div class=\"elementor-element elementor-element-125dbc6 e-flex e-con-boxed e-con e-child\" data-id=\"125dbc6\" data-element_type=\"container\">\n\t\t\t\t\t<div class=\"e-con-inner\">\n\t\t<div class=\"elementor-element elementor-element-60d87347 e-con-full e-flex e-con e-child\" data-id=\"60d87347\" data-element_type=\"container\">\n\t\t\t\t<div class=\"elementor-element elementor-element-2128fc17 elementor-widget elementor-widget-image\" data-id=\"2128fc17\" data-element_type=\"widget\" data-widget_type=\"image.default\">\n\t\t\t\t<div class=\"elementor-widget-container\">\n\t\t\t\t\t\t\t\t\t\t\t\t\t\t\t<img decoding=\"async\" width=\"140\" height=\"72\" src=\"https:\/\/travelesim.az\/wp-content\/uploads\/2025\/05\/avatars.png\" class=\"attachment-large size-large wp-image-467\" alt=\"\" srcset=\"https:\/\/travelesim.az\/wp-content\/uploads\/2025\/05\/avatars.png 140w, https:\/\/travelesim.az\/wp-content\/uploads\/2025\/05\/avatars-18x9.png 18w\" sizes=\"(max-width: 140px) 100vw, 140px\" \/>\t\t\t\t\t\t\t\t\t\t\t\t\t\t\t<\/div>\n\t\t\t\t<\/div>\n\t\t\t\t<div class=\"elementor-element elementor-element-7c3ae4ff elementor-widget elementor-widget-heading\" data-id=\"7c3ae4ff\" data-element_type=\"widget\" data-widget_type=\"heading.default\">\n\t\t\t\t<div class=\"elementor-widget-container\">\n\t\t\t\t\t<h2 class=\"elementor-heading-title elementor-size-default\">Refer &amp; Earn up to <b>Sat\u0131\u015f \u00fc\u00e7\u00fcn 10%<\/b>!<\/h2>\t\t\t\t<\/div>\n\t\t\t\t<\/div>\n\t\t\t\t<\/div>\n\t\t\t\t<div class=\"elementor-element elementor-element-5a944934 elementor-widget__width-inherit elementor-widget elementor-widget-text-editor\" data-id=\"5a944934\" data-element_type=\"widget\" data-widget_type=\"text-editor.default\">\n\t\t\t\t<div class=\"elementor-widget-container\">\n\t\t\t\t\t\t\t\t\t<p>Affiliate Proqram\u0131<\/p>\t\t\t\t\t\t\t\t<\/div>\n\t\t\t\t<\/div>\n\t\t\t\t<div class=\"elementor-element elementor-element-24d5165a elementor-align-center elementor-mobile-align-center elementor-widget__width-inherit elementor-widget elementor-widget-button\" data-id=\"24d5165a\" data-element_type=\"widget\" data-widget_type=\"button.default\">\n\t\t\t\t<div class=\"elementor-widget-container\">\n\t\t\t\t\t\t\t\t\t<div class=\"elementor-button-wrapper\">\n\t\t\t\t\t<a class=\"elementor-button elementor-button-link elementor-size-sm\" href=\"https:\/\/travelesim.goaffpro.com\/create-account\/sleek\">\n\t\t\t\t\t\t<span class=\"elementor-button-content-wrapper\">\n\t\t\t\t\t\t\t\t\t<span class=\"elementor-button-text\">T\u0259r\u0259fda\u015f ol<\/span>\n\t\t\t\t\t<\/span>\n\t\t\t\t\t<\/a>\n\t\t\t\t<\/div>\n\t\t\t\t\t\t\t\t<\/div>\n\t\t\t\t<\/div>\n\t\t\t\t\t<\/div>\n\t\t\t\t<\/div>\n\t\t\t\t\t<\/div>\n\t\t\t\t<\/div>\n\t\t<div class=\"elementor-element elementor-element-5e101959 e-flex e-con-boxed e-con e-parent\" data-id=\"5e101959\" data-element_type=\"container\">\n\t\t\t\t\t<div class=\"e-con-inner\">\n\t\t<div class=\"elementor-element elementor-element-5be93938 e-con-full e-flex e-con e-child\" data-id=\"5be93938\" data-element_type=\"container\">\n\t\t\t\t<div class=\"elementor-element elementor-element-5fe74df9 elementor-widget elementor-widget-heading\" data-id=\"5fe74df9\" data-element_type=\"widget\" data-widget_type=\"heading.default\">\n\t\t\t\t<div class=\"elementor-widget-container\">\n\t\t\t\t\t<h2 class=\"elementor-heading-title elementor-size-default\">Niy\u0259 Travel eSIM Affiliate Proqram\u0131na qo\u015fulmal\u0131s\u0131n\u0131z?<\/h2>\t\t\t\t<\/div>\n\t\t\t\t<\/div>\n\t\t\t\t<div class=\"elementor-element elementor-element-5aef25f9 elementor-widget__width-initial elementor-widget-tablet__width-inherit elementor-widget-mobile__width-inherit elementor-widget elementor-widget-text-editor\" data-id=\"5aef25f9\" data-element_type=\"widget\" data-widget_type=\"text-editor.default\">\n\t\t\t\t<div class=\"elementor-widget-container\">\n\t\t\t\t\t\t\t\t\t<p>Abun\u0259\u00e7il\u0259riniz\u0259 premium, f\u0259rdil\u0259\u015fdirilmi\u015f beyn\u0259lxalq eSIM paketl\u0259ri t\u0259klif edin v\u0259 h\u0259r sat\u0131\u015fdan komissiya qazan\u0131n<\/p>\t\t\t\t\t\t\t\t<\/div>\n\t\t\t\t<\/div>\n\t\t\t\t<\/div>\n\t\t<div class=\"elementor-element elementor-element-19b4775a e-grid e-con-full e-con e-child\" data-id=\"19b4775a\" data-element_type=\"container\">\n\t\t<div class=\"elementor-element elementor-element-181f5d25 e-con-full e-flex e-con e-child\" data-id=\"181f5d25\" data-element_type=\"container\" data-settings=\"{&quot;background_background&quot;:&quot;classic&quot;}\">\n\t\t\t\t<div class=\"elementor-element elementor-element-7735c831 elementor-position-top elementor-widget elementor-widget-image-box\" data-id=\"7735c831\" data-element_type=\"widget\" data-widget_type=\"image-box.default\">\n\t\t\t\t<div class=\"elementor-widget-container\">\n\t\t\t\t\t<div class=\"elementor-image-box-wrapper\"><figure class=\"elementor-image-box-img\"><img decoding=\"async\" width=\"82\" height=\"80\" src=\"https:\/\/travelesim.az\/wp-content\/uploads\/2025\/05\/Multi-network.svg\" class=\"elementor-animation-shrink attachment-full size-full wp-image-487\" alt=\"\" \/><\/figure><div class=\"elementor-image-box-content\"><h3 class=\"elementor-image-box-title\">10% komissiyas\u0131na q\u0259d\u0259r qazan\u0131n<\/h3><p class=\"elementor-image-box-description\">H\u0259r sat\u0131\u015fdan s\u0259xav\u0259tli komissiyalar qazan\u0131n. Ayl\u0131q \u00f6d\u0259ni\u015f al\u0131n.<\/p><\/div><\/div>\t\t\t\t<\/div>\n\t\t\t\t<\/div>\n\t\t\t\t<\/div>\n\t\t<div class=\"elementor-element elementor-element-06219e7 e-con-full e-flex e-con e-child\" data-id=\"06219e7\" data-element_type=\"container\" data-settings=\"{&quot;background_background&quot;:&quot;classic&quot;}\">\n\t\t\t\t<div class=\"elementor-element elementor-element-0a0f38d elementor-position-top elementor-widget elementor-widget-image-box\" data-id=\"0a0f38d\" data-element_type=\"widget\" data-widget_type=\"image-box.default\">\n\t\t\t\t<div class=\"elementor-widget-container\">\n\t\t\t\t\t<div class=\"elementor-image-box-wrapper\"><figure class=\"elementor-image-box-img\"><img decoding=\"async\" width=\"81\" height=\"80\" src=\"https:\/\/travelesim.az\/wp-content\/uploads\/2025\/05\/Multi-network-1.svg\" class=\"elementor-animation-shrink attachment-full size-full wp-image-488\" alt=\"\" \/><\/figure><div class=\"elementor-image-box-content\"><h3 class=\"elementor-image-box-title\">\u0130zl\u0259yicil\u0259riniz \u00fc\u00e7\u00fcn Ekskl\u00fcziv Endirim<\/h3><p class=\"elementor-image-box-description\">Auditoriyan\u0131za se\u00e7ilmi\u015f eSIM paketind\u0259 ekskl\u00fcziv kupon endirimi verin<\/p><\/div><\/div>\t\t\t\t<\/div>\n\t\t\t\t<\/div>\n\t\t\t\t<\/div>\n\t\t<div class=\"elementor-element elementor-element-d853ae4 e-con-full e-flex e-con e-child\" data-id=\"d853ae4\" data-element_type=\"container\" data-settings=\"{&quot;background_background&quot;:&quot;classic&quot;}\">\n\t\t\t\t<div class=\"elementor-element elementor-element-24f5dbe elementor-position-top elementor-widget elementor-widget-image-box\" data-id=\"24f5dbe\" data-element_type=\"widget\" data-widget_type=\"image-box.default\">\n\t\t\t\t<div class=\"elementor-widget-container\">\n\t\t\t\t\t<div class=\"elementor-image-box-wrapper\"><figure class=\"elementor-image-box-img\"><img loading=\"lazy\" decoding=\"async\" width=\"82\" height=\"80\" src=\"https:\/\/travelesim.az\/wp-content\/uploads\/2025\/05\/Multi-network-2.svg\" class=\"elementor-animation-shrink attachment-full size-full wp-image-489\" alt=\"\" \/><\/figure><div class=\"elementor-image-box-content\"><h3 class=\"elementor-image-box-title\">Track &amp; Promote with Ease\u200b<\/h3><p class=\"elementor-image-box-description\">Filial promosyonlar\u0131n\u0131z\u0131 g\u00fccl\u0259ndirm\u0259k \u00fc\u00e7\u00fcn d\u0259qiq izl\u0259m\u0259 v\u0259 tam d\u0259st\u0259k vasit\u0259l\u0259ri<\/p><\/div><\/div>\t\t\t\t<\/div>\n\t\t\t\t<\/div>\n\t\t\t\t<\/div>\n\t\t<div class=\"elementor-element elementor-element-a9ecd2d e-con-full e-flex e-con e-child\" data-id=\"a9ecd2d\" data-element_type=\"container\" data-settings=\"{&quot;background_background&quot;:&quot;classic&quot;}\">\n\t\t\t\t<div class=\"elementor-element elementor-element-d007970 elementor-position-top elementor-widget elementor-widget-image-box\" data-id=\"d007970\" data-element_type=\"widget\" data-widget_type=\"image-box.default\">\n\t\t\t\t<div class=\"elementor-widget-container\">\n\t\t\t\t\t<div class=\"elementor-image-box-wrapper\"><figure class=\"elementor-image-box-img\"><img loading=\"lazy\" decoding=\"async\" width=\"81\" height=\"80\" src=\"https:\/\/travelesim.az\/wp-content\/uploads\/2025\/05\/Multi-network-3.svg\" class=\"elementor-animation-shrink attachment-full size-full wp-image-490\" alt=\"\" \/><\/figure><div class=\"elementor-image-box-content\"><h3 class=\"elementor-image-box-title\">Sizin X\u00fcsusi Affiliate Meneceriniz<\/h3><p class=\"elementor-image-box-description\">X\u00fcsusi Affiliate Manager ist\u0259nil\u0259n vaxt m\u00f6vcuddur<\/p><\/div><\/div>\t\t\t\t<\/div>\n\t\t\t\t<\/div>\n\t\t\t\t<\/div>\n\t\t\t\t<\/div>\n\t\t\t\t\t<\/div>\n\t\t\t\t<\/div>\n\t\t<div class=\"elementor-element elementor-element-3b2b446 e-flex e-con-boxed e-con e-parent\" data-id=\"3b2b446\" data-element_type=\"container\" data-settings=\"{&quot;background_background&quot;:&quot;classic&quot;}\">\n\t\t\t\t\t<div class=\"e-con-inner\">\n\t\t<div class=\"elementor-element elementor-element-1f727d33 e-con-full e-flex e-con e-child\" data-id=\"1f727d33\" data-element_type=\"container\">\n\t\t\t\t<div class=\"elementor-element elementor-element-44053961 elementor-widget elementor-widget-text-editor\" data-id=\"44053961\" data-element_type=\"widget\" data-widget_type=\"text-editor.default\">\n\t\t\t\t<div class=\"elementor-widget-container\">\n\t\t\t\t\t\t\t\t\t<p><span style=\"color: #000000;\">Komissiya v\u0259 Biznes t\u0259f\u0259rr\u00fcatlar\u0131<\/span><\/p>\t\t\t\t\t\t\t\t<\/div>\n\t\t\t\t<\/div>\n\t\t\t\t<div class=\"elementor-element elementor-element-63e52be9 elementor-widget__width-inherit elementor-widget elementor-widget-text-editor\" data-id=\"63e52be9\" data-element_type=\"widget\" data-widget_type=\"text-editor.default\">\n\t\t\t\t<div class=\"elementor-widget-container\">\n\t\t\t\t\t\t\t\t\t<p>Abun\u0259\u00e7il\u0259riniz\u0259 premium eSIM paketl\u0259ri t\u0259klif edin (t\u0259k \u00f6lk\u0259, region v\u0259 ya qlobal istifad\u0259 \u00fc\u00e7\u00fcn) v\u0259 h\u0259r sat\u0131\u015fdan komissiya qazan\u0131n.<\/p>\t\t\t\t\t\t\t\t<\/div>\n\t\t\t\t<\/div>\n\t\t<div class=\"elementor-element elementor-element-26a20f63 e-con-full e-flex e-con e-child\" data-id=\"26a20f63\" data-element_type=\"container\">\n\t\t\t\t<div class=\"elementor-element elementor-element-601007 elementor-widget__width-inherit elementor-widget elementor-widget-text-editor\" data-id=\"601007\" data-element_type=\"widget\" data-widget_type=\"text-editor.default\">\n\t\t\t\t<div class=\"elementor-widget-container\">\n\t\t\t\t\t\t\t\t\t<strong><span style=\"color: #2BCDB5;\">D\u00f6n\u00fc\u015f\u00fcm \u0259m\u0259liyyat\u0131:<\/span><\/strong>\n\nEmal edilmi\u015f etibarl\u0131 \u00f6d\u0259ni\u015fl\u0259 onlayn al\u0131\u015f.\t\t\t\t\t\t\t\t<\/div>\n\t\t\t\t<\/div>\n\t\t\t\t<div class=\"elementor-element elementor-element-e2d41d2 elementor-widget__width-inherit elementor-widget elementor-widget-text-editor\" data-id=\"e2d41d2\" data-element_type=\"widget\" data-widget_type=\"text-editor.default\">\n\t\t\t\t<div class=\"elementor-widget-container\">\n\t\t\t\t\t\t\t\t\t<p><strong><span style=\"color: #2bcdb5;\">Cookie g\u00fcnl\u0259ri:<\/span><\/strong><\/p><p>30 g\u00fcn<\/p>\t\t\t\t\t\t\t\t<\/div>\n\t\t\t\t<\/div>\n\t\t\t\t<div class=\"elementor-element elementor-element-2f24aa6 elementor-widget__width-inherit elementor-widget elementor-widget-text-editor\" data-id=\"2f24aa6\" data-element_type=\"widget\" data-widget_type=\"text-editor.default\">\n\t\t\t\t<div class=\"elementor-widget-container\">\n\t\t\t\t\t\t\t\t\t<p><strong><span style=\"color: #2bcdb5;\">Komissiya n\u00f6v\u00fc:<\/span><\/strong><\/p><p>H\u0259r sat\u0131\u015f v\u0259 doldurma \u00fc\u00e7\u00fcn komissiya qazan\u0131n<\/p>\t\t\t\t\t\t\t\t<\/div>\n\t\t\t\t<\/div>\n\t\t\t\t<div class=\"elementor-element elementor-element-ab9c74e elementor-widget__width-inherit elementor-widget elementor-widget-text-editor\" data-id=\"ab9c74e\" data-element_type=\"widget\" data-widget_type=\"text-editor.default\">\n\t\t\t\t<div class=\"elementor-widget-container\">\n\t\t\t\t\t\t\t\t\t<p><strong><span style=\"color: #2bcdb5;\">\u00d6d\u0259ni\u015f:<\/span><\/strong><\/p><p>PayPal vasit\u0259sil\u0259 ayl\u0131q<\/p>\t\t\t\t\t\t\t\t<\/div>\n\t\t\t\t<\/div>\n\t\t\t\t<\/div>\n\t\t\t\t<div class=\"elementor-element elementor-element-5f231cc elementor-widget__width-inherit elementor-widget elementor-widget-text-editor\" data-id=\"5f231cc\" data-element_type=\"widget\" data-widget_type=\"text-editor.default\">\n\t\t\t\t<div class=\"elementor-widget-container\">\n\t\t\t\t\t\t\t\t\t<p><strong>\u018fh\u0259miyy\u0259tli:<\/strong> Affiliate proqram ba\u011flant\u0131lar\u0131 ictimai endirim saytlar\u0131na v\u0259 ya kupon \u015f\u0259b\u0259k\u0259l\u0259rin\u0259 paylanmamal\u0131d\u0131r.<\/p>\t\t\t\t\t\t\t\t<\/div>\n\t\t\t\t<\/div>\n\t\t\t\t<\/div>\n\t\t<div class=\"elementor-element elementor-element-d333827 e-con-full e-flex e-con e-child\" data-id=\"d333827\" data-element_type=\"container\">\n\t\t\t\t<div class=\"elementor-element elementor-element-4c11e1ea elementor-widget elementor-widget-image\" data-id=\"4c11e1ea\" data-element_type=\"widget\" data-widget_type=\"image.default\">\n\t\t\t\t<div class=\"elementor-widget-container\">\n\t\t\t\t\t\t\t\t\t\t\t\t\t\t\t<img loading=\"lazy\" decoding=\"async\" width=\"800\" height=\"553\" src=\"https:\/\/travelesim.az\/wp-content\/uploads\/2025\/05\/about-3-1024x708.jpg\" class=\"elementor-animation-shrink attachment-large size-large wp-image-472\" alt=\"\" srcset=\"https:\/\/travelesim.az\/wp-content\/uploads\/2025\/05\/about-3-1024x708.jpg 1024w, https:\/\/travelesim.az\/wp-content\/uploads\/2025\/05\/about-3-300x207.jpg 300w, https:\/\/travelesim.az\/wp-content\/uploads\/2025\/05\/about-3-768x531.jpg 768w, https:\/\/travelesim.az\/wp-content\/uploads\/2025\/05\/about-3-18x12.jpg 18w, https:\/\/travelesim.az\/wp-content\/uploads\/2025\/05\/about-3.jpg 1112w\" sizes=\"(max-width: 800px) 100vw, 800px\" \/>\t\t\t\t\t\t\t\t\t\t\t\t\t\t\t<\/div>\n\t\t\t\t<\/div>\n\t\t\t\t<\/div>\n\t\t\t\t\t<\/div>\n\t\t\t\t<\/div>\n\t\t<div class=\"elementor-element elementor-element-24140dae e-flex e-con-boxed e-con e-parent\" data-id=\"24140dae\" data-element_type=\"container\">\n\t\t\t\t\t<div class=\"e-con-inner\">\n\t\t<div class=\"elementor-element elementor-element-3c79c0e5 e-con-full e-flex e-con e-child\" data-id=\"3c79c0e5\" data-element_type=\"container\">\n\t\t\t\t<div class=\"elementor-element elementor-element-1ecbcb35 elementor-widget elementor-widget-heading\" data-id=\"1ecbcb35\" data-element_type=\"widget\" data-widget_type=\"heading.default\">\n\t\t\t\t<div class=\"elementor-widget-container\">\n\t\t\t\t\t<h2 class=\"elementor-heading-title elementor-size-default\">Nec\u0259 i\u015fl\u0259yir?<\/h2>\t\t\t\t<\/div>\n\t\t\t\t<\/div>\n\t\t\t\t<div class=\"elementor-element elementor-element-30e3af47 elementor-widget__width-initial elementor-widget-tablet__width-initial elementor-widget-mobile__width-inherit elementor-widget elementor-widget-text-editor\" data-id=\"30e3af47\" data-element_type=\"widget\" data-widget_type=\"text-editor.default\">\n\t\t\t\t<div class=\"elementor-widget-container\">\n\t\t\t\t\t\t\t\t\t<p>Bir ne\u00e7\u0259 sad\u0259 add\u0131mla Travel eSIM il\u0259 qazanma\u011fa ba\u015flay\u0131n<\/p>\t\t\t\t\t\t\t\t<\/div>\n\t\t\t\t<\/div>\n\t\t\t\t<\/div>\n\t\t<div class=\"elementor-element elementor-element-51179002 e-con-full e-flex e-con e-child\" data-id=\"51179002\" data-element_type=\"container\">\n\t\t<div class=\"elementor-element elementor-element-2f79b927 e-con-full e-flex e-con e-child\" data-id=\"2f79b927\" data-element_type=\"container\" data-settings=\"{&quot;background_background&quot;:&quot;classic&quot;}\">\n\t\t\t\t<div class=\"elementor-element elementor-element-51d3e38b elementor-position-top elementor-widget elementor-widget-image-box\" data-id=\"51d3e38b\" data-element_type=\"widget\" data-widget_type=\"image-box.default\">\n\t\t\t\t<div class=\"elementor-widget-container\">\n\t\t\t\t\t<div class=\"elementor-image-box-wrapper\"><figure class=\"elementor-image-box-img\"><img loading=\"lazy\" decoding=\"async\" width=\"60\" height=\"60\" src=\"https:\/\/travelesim.az\/wp-content\/uploads\/2025\/03\/Frame-1033.svg\" class=\"elementor-animation-grow attachment-full size-full wp-image-298\" alt=\"\" \/><\/figure><div class=\"elementor-image-box-content\"><h3 class=\"elementor-image-box-title\">Unikal filial linkinizi \u0259ld\u0259 etm\u0259k \u00fc\u00e7\u00fcn qeydiyyatdan ke\u00e7in<\/h3><p class=\"elementor-image-box-description\">\n<\/p><\/div><\/div>\t\t\t\t<\/div>\n\t\t\t\t<\/div>\n\t\t\t\t<\/div>\n\t\t<div class=\"elementor-element elementor-element-6ff02a0 e-con-full e-flex e-con e-child\" data-id=\"6ff02a0\" data-element_type=\"container\" data-settings=\"{&quot;background_background&quot;:&quot;classic&quot;}\">\n\t\t\t\t<div class=\"elementor-element elementor-element-818bbc9 elementor-position-top elementor-widget elementor-widget-image-box\" data-id=\"818bbc9\" data-element_type=\"widget\" data-widget_type=\"image-box.default\">\n\t\t\t\t<div class=\"elementor-widget-container\">\n\t\t\t\t\t<div class=\"elementor-image-box-wrapper\"><figure class=\"elementor-image-box-img\"><img loading=\"lazy\" decoding=\"async\" width=\"60\" height=\"60\" src=\"https:\/\/travelesim.az\/wp-content\/uploads\/2025\/03\/Frame-1033-1.svg\" class=\"elementor-animation-grow attachment-full size-full wp-image-299\" alt=\"\" \/><\/figure><div class=\"elementor-image-box-content\"><h3 class=\"elementor-image-box-title\">S\u0259yah\u0259t eSIM m\u0259hsullar\u0131n\u0131 vebsayt\u0131n\u0131zda, sosial mediada, b\u00fclletend\u0259 v\u0259 saird\u0259 t\u0259bli\u011f edin<\/h3><p class=\"elementor-image-box-description\">\n<\/p><\/div><\/div>\t\t\t\t<\/div>\n\t\t\t\t<\/div>\n\t\t\t\t<\/div>\n\t\t<div class=\"elementor-element elementor-element-21cfe4c e-con-full e-flex e-con e-child\" data-id=\"21cfe4c\" data-element_type=\"container\" data-settings=\"{&quot;background_background&quot;:&quot;classic&quot;}\">\n\t\t\t\t<div class=\"elementor-element elementor-element-8aeab32 elementor-position-top elementor-widget elementor-widget-image-box\" data-id=\"8aeab32\" data-element_type=\"widget\" data-widget_type=\"image-box.default\">\n\t\t\t\t<div class=\"elementor-widget-container\">\n\t\t\t\t\t<div class=\"elementor-image-box-wrapper\"><figure class=\"elementor-image-box-img\"><img loading=\"lazy\" decoding=\"async\" width=\"60\" height=\"60\" src=\"https:\/\/travelesim.az\/wp-content\/uploads\/2025\/03\/Frame-1033-2.svg\" class=\"elementor-animation-grow attachment-full size-full wp-image-300\" alt=\"\" \/><\/figure><div class=\"elementor-image-box-content\"><h3 class=\"elementor-image-box-title\">Filial linkiniz vasit\u0259sil\u0259 edil\u0259n h\u0259r sat\u0131\u015f \u00fc\u00e7\u00fcn komissiya qazan\u0131n<\/h3><p class=\"elementor-image-box-description\">\n<\/p><\/div><\/div>\t\t\t\t<\/div>\n\t\t\t\t<\/div>\n\t\t\t\t<\/div>\n\t\t\t\t<\/div>\n\t\t\t\t\t<\/div>\n\t\t\t\t<\/div>\n\t\t<div class=\"elementor-element elementor-element-64f08801 e-flex e-con-boxed e-con e-parent\" data-id=\"64f08801\" data-element_type=\"container\" data-settings=\"{&quot;background_background&quot;:&quot;gradient&quot;}\">\n\t\t\t\t\t<div class=\"e-con-inner\">\n\t\t<div class=\"elementor-element elementor-element-2bc2bd0c e-flex e-con-boxed e-con e-child\" data-id=\"2bc2bd0c\" data-element_type=\"container\" data-settings=\"{&quot;background_background&quot;:&quot;classic&quot;}\">\n\t\t\t\t\t<div class=\"e-con-inner\">\n\t\t\t\t<div class=\"elementor-element elementor-element-568d7f32 elementor-widget__width-inherit elementor-widget elementor-widget-text-editor\" data-id=\"568d7f32\" data-element_type=\"widget\" data-widget_type=\"text-editor.default\">\n\t\t\t\t<div class=\"elementor-widget-container\">\n\t\t\t\t\t\t\t\t\t<p>Affiliate Proqram T\u0259tbiqi<\/p>\t\t\t\t\t\t\t\t<\/div>\n\t\t\t\t<\/div>\n\t\t\t\t<div class=\"elementor-element elementor-element-64a0327c elementor-align-center elementor-mobile-align-center elementor-widget__width-inherit elementor-widget elementor-widget-button\" data-id=\"64a0327c\" data-element_type=\"widget\" data-widget_type=\"button.default\">\n\t\t\t\t<div class=\"elementor-widget-container\">\n\t\t\t\t\t\t\t\t\t<div class=\"elementor-button-wrapper\">\n\t\t\t\t\t<a class=\"elementor-button elementor-button-link elementor-size-sm\" href=\"https:\/\/travelesim.goaffpro.com\/create-account\/sleek\">\n\t\t\t\t\t\t<span class=\"elementor-button-content-wrapper\">\n\t\t\t\t\t\t\t\t\t<span class=\"elementor-button-text\">T\u0259r\u0259fda\u015f ol<\/span>\n\t\t\t\t\t<\/span>\n\t\t\t\t\t<\/a>\n\t\t\t\t<\/div>\n\t\t\t\t\t\t\t\t<\/div>\n\t\t\t\t<\/div>\n\t\t\t\t\t<\/div>\n\t\t\t\t<\/div>\n\t\t\t\t\t<\/div>\n\t\t\t\t<\/div>\n\t\t\t\t<\/div>","protected":false},"excerpt":{"rendered":"<p>Refer &#038; Earn up to 10% per sale! Affiliate Program Become a Partner Why Join the Travel eSIM Affiliate Program? Offer your subscribers premium, customized international eSIM bundles and earn a commission on every sale Earn up to 10% commission Earn generous commissions on every sale. Get paid monthly. Exclusive Discount for Your Audience\u200b Give [&hellip;]<\/p>","protected":false},"author":1,"featured_media":0,"parent":0,"menu_order":0,"comment_status":"closed","ping_status":"closed","template":"","meta":{"om_disable_all_campaigns":false,"_monsterinsights_skip_tracking":false,"_monsterinsights_sitenote_active":false,"_monsterinsights_sitenote_note":"","_monsterinsights_sitenote_category":0,"footnotes":""},"class_list":["post-478","page","type-page","status-publish","hentry"],"aioseo_notices":[],"_links":{"self":[{"href":"https:\/\/travelesim.az\/az\/wp-json\/wp\/v2\/pages\/478","targetHints":{"allow":["GET"]}}],"collection":[{"href":"https:\/\/travelesim.az\/az\/wp-json\/wp\/v2\/pages"}],"about":[{"href":"https:\/\/travelesim.az\/az\/wp-json\/wp\/v2\/types\/page"}],"author":[{"embeddable":true,"href":"https:\/\/travelesim.az\/az\/wp-json\/wp\/v2\/users\/1"}],"replies":[{"embeddable":true,"href":"https:\/\/travelesim.az\/az\/wp-json\/wp\/v2\/comments?post=478"}],"version-history":[{"count":28,"href":"https:\/\/travelesim.az\/az\/wp-json\/wp\/v2\/pages\/478\/revisions"}],"predecessor-version":[{"id":517,"href":"https:\/\/travelesim.az\/az\/wp-json\/wp\/v2\/pages\/478\/revisions\/517"}],"wp:attachment":[{"href":"https:\/\/travelesim.az\/az\/wp-json\/wp\/v2\/media?parent=478"}],"curies":[{"name":"wp","href":"https:\/\/api.w.org\/{rel}","templated":true}]}}